{"id":9979,"date":"2023-07-14T22:48:33","date_gmt":"2023-07-14T22:48:33","guid":{"rendered":"https:\/\/checkhalt.de\/?page_id=9979"},"modified":"2024-07-18T11:37:04","modified_gmt":"2024-07-18T11:37:04","slug":"ferienhaus","status":"publish","type":"page","link":"https:\/\/checkhalt.de\/en\/ferienhaus\/","title":{"rendered":"Ferienhaus"},"content":{"rendered":"<div data-elementor-type=\"wp-page\" data-elementor-id=\"9979\" class=\"elementor elementor-9979\">\n\t\t\t\t\t\t<section class=\"elementor-section elementor-top-section elementor-element elementor-element-62b730f2 elementor-section-full_width elementor-section-height-default elementor-section-height-default\" data-id=\"62b730f2\" data-element_type=\"section\" data-e-type=\"section\">\n\t\t\t\t\t\t<div class=\"elementor-container elementor-column-gap-default\">\n\t\t\t\t\t<div class=\"elementor-column elementor-col-100 elementor-top-column elementor-element elementor-element-37c7d634\" data-id=\"37c7d634\" data-element_type=\"column\" data-e-type=\"column\">\n\t\t\t<div class=\"elementor-widget-wrap elementor-element-populated\">\n\t\t\t\t\t\t<div class=\"elementor-element elementor-element-273fb48e elementor-hidden-desktop elementor-hidden-tablet elementor-hidden-mobile elementor-widget elementor-widget-wd_banner\" data-id=\"273fb48e\" data-element_type=\"widget\" data-e-type=\"widget\" data-widget_type=\"wd_banner.default\">\n\t\t\t\t<div class=\"elementor-widget-container\">\n\t\t\t\t\t\t\t<div class=\"promo-banner-wrapper\">\n\t\t\t<div class=\"promo-banner banner-default banner-hover-none color-scheme- banner-btn-size-default banner-btn-style-default wd-with-link\">\n\t\t\t\t<div class=\"main-wrapp-img\">\n\t\t\t\t\t<div class=\"banner-image wd-without-height\">\n\t\t\t\t\t\t\t\t\t\t\t\t\t\t\t\t\t\t\t\t\t<img loading=\"lazy\" decoding=\"async\" width=\"2000\" height=\"350\" src=\"https:\/\/checkhalt.de\/wp-content\/uploads\/2023\/07\/creatine-1.png\" class=\"attachment-full size-full\" alt=\"\" srcset=\"https:\/\/checkhalt.de\/wp-content\/uploads\/2023\/07\/creatine-1.png 2000w, https:\/\/checkhalt.de\/wp-content\/uploads\/2023\/07\/creatine-1-300x53.png 300w, https:\/\/checkhalt.de\/wp-content\/uploads\/2023\/07\/creatine-1-1024x179.png 1024w, https:\/\/checkhalt.de\/wp-content\/uploads\/2023\/07\/creatine-1-768x134.png 768w, https:\/\/checkhalt.de\/wp-content\/uploads\/2023\/07\/creatine-1-1536x269.png 1536w, https:\/\/checkhalt.de\/wp-content\/uploads\/2023\/07\/creatine-1-1200x210.png 1200w, https:\/\/checkhalt.de\/wp-content\/uploads\/2023\/07\/creatine-1-150x26.png 150w\" sizes=\"auto, (max-width: 2000px) 100vw, 2000px\" \/>\t\t\t\t\t\t\t\t\t\t\t\t\t\t\t\t\t\t<\/div>\n\t\t\t\t<\/div>\n\n\t\t\t\t<div class=\"wrapper-content-banner wd-fill wd-items-top wd-justify-left\">\n\t\t\t\t\t<div class=\"content-banner  text-left\">\n\t\t\t\t\t\t\n\t\t\t\t\t\t\n\t\t\t\t\t\t\n\t\t\t\t\t\t\n\t\t\t\t\t\t\t\t\t\t\t<\/div>\n\t\t\t\t<\/div>\n\n\t\t\t\t\t\t\t\t\t<a href=\"mailto:info@checkhalt.de\" class=\"wd-promo-banner-link wd-fill\" aria-label=\"Banner link\"><\/a>\n\t\t\t\t\t\t\t<\/div>\n\t\t<\/div>\n\t\t\t\t\t\t<\/div>\n\t\t\t\t<\/div>\n\t\t\t\t<div class=\"elementor-element elementor-element-4c381051 elementor-widget elementor-widget-spacer\" data-id=\"4c381051\" data-element_type=\"widget\" data-e-type=\"widget\" data-widget_type=\"spacer.default\">\n\t\t\t\t<div class=\"elementor-widget-container\">\n\t\t\t\t\t\t\t<div class=\"elementor-spacer\">\n\t\t\t<div class=\"elementor-spacer-inner\"><\/div>\n\t\t<\/div>\n\t\t\t\t\t\t<\/div>\n\t\t\t\t<\/div>\n\t\t\t\t\t<\/div>\n\t\t<\/div>\n\t\t\t\t\t<\/div>\n\t\t<\/section>\n\t\t\t\t<section class=\"wd-negative-gap elementor-section elementor-top-section elementor-element elementor-element-0eef8f7 elementor-section-full_width elementor-section-height-default elementor-section-height-default\" data-id=\"0eef8f7\" data-element_type=\"section\" data-e-type=\"section\">\n\t\t\t\t\t\t<div class=\"elementor-container elementor-column-gap-default\">\n\t\t\t\t\t<div class=\"elementor-column elementor-col-100 elementor-top-column elementor-element elementor-element-78f6dd2\" data-id=\"78f6dd2\" data-element_type=\"column\" data-e-type=\"column\">\n\t\t\t<div class=\"elementor-widget-wrap elementor-element-populated\">\n\t\t\t\t\t\t<div class=\"elementor-element elementor-element-adc8042 color-scheme-inherit text-left elementor-widget elementor-widget-text-editor\" data-id=\"adc8042\" data-element_type=\"widget\" data-e-type=\"widget\" data-widget_type=\"text-editor.default\">\n\t\t\t\t<div class=\"elementor-widget-container\">\n\t\t\t\t\t\t\t\t\t<div style=\"width: 100%\" id=\"c24pp-holidayhome_fh-iframe\"><\/div><script src=\"https:\/\/files.check24.net\/widgets\/auto\/106572\/c24pp-holidayhome_fh-iframe\/fh-iframe.js\"><\/script>\t\t\t\t\t\t\t\t<\/div>\n\t\t\t\t<\/div>\n\t\t\t\t\t<\/div>\n\t\t<\/div>\n\t\t\t\t\t<\/div>\n\t\t<\/section>\n\t\t\t\t<section class=\"wd-negative-gap elementor-section elementor-top-section elementor-element elementor-element-35f75c3 elementor-section-boxed elementor-section-height-default elementor-section-height-default\" data-id=\"35f75c3\" data-element_type=\"section\" data-e-type=\"section\">\n\t\t\t\t\t\t<div class=\"elementor-container elementor-column-gap-default\">\n\t\t\t\t\t<div class=\"elementor-column elementor-col-100 elementor-top-column elementor-element elementor-element-3955736\" data-id=\"3955736\" data-element_type=\"column\" data-e-type=\"column\">\n\t\t\t<div class=\"elementor-widget-wrap elementor-element-populated\">\n\t\t\t\t\t\t<div class=\"elementor-element elementor-element-9d96ae0 color-scheme-inherit text-left elementor-widget elementor-widget-text-editor\" data-id=\"9d96ae0\" data-element_type=\"widget\" data-e-type=\"widget\" data-widget_type=\"text-editor.default\">\n\t\t\t\t<div class=\"elementor-widget-container\">\n\t\t\t\t\t\t\t\t\t<p><strong>Ferienhaus.de Partnerprogramm<\/strong><\/p><p>Wir nehmen am Ferienhaus.de Partnerprogramm teil. Auf unseren Seiten werden iFrame-Buchungsmasken und andere Werbemittel eingebunden, an denen wir \u00fcber Transaktionen, zum Beispiel durch Leads und Sales, eine Werbekostenerstattung erhalten k\u00f6nnen.<\/p><p>Weitere Informationen zur Datennutzung durch Ferienhaus.de erhalten Sie in der Datenschutzerkl\u00e4rung von <a href=\"https:\/\/www.ferienhaus.de\" target=\"_blank\" rel=\"noopener\">Ferienhaus.de<\/a>.<\/p>\t\t\t\t\t\t\t\t<\/div>\n\t\t\t\t<\/div>\n\t\t\t\t\t<\/div>\n\t\t<\/div>\n\t\t\t\t\t<\/div>\n\t\t<\/section>\n\t\t\t\t<section class=\"wd-negative-gap elementor-section elementor-top-section elementor-element elementor-element-b33fee0 elementor-section-boxed elementor-section-height-default elementor-section-height-default\" data-id=\"b33fee0\" data-element_type=\"section\" data-e-type=\"section\">\n\t\t\t\t\t\t<div class=\"elementor-container elementor-column-gap-default\">\n\t\t\t\t\t<div class=\"elementor-column elementor-col-100 elementor-top-column elementor-element elementor-element-7f435bf\" data-id=\"7f435bf\" data-element_type=\"column\" data-e-type=\"column\">\n\t\t\t<div class=\"elementor-widget-wrap elementor-element-populated\">\n\t\t\t\t\t\t<div class=\"elementor-element elementor-element-ac998af color-scheme-inherit text-left elementor-widget elementor-widget-text-editor\" data-id=\"ac998af\" data-element_type=\"widget\" data-e-type=\"widget\" data-widget_type=\"text-editor.default\">\n\t\t\t\t<div class=\"elementor-widget-container\">\n\t\t\t\t\t\t\t\t\t<p>Ein Ferienhaus bietet die perfekte M\u00f6glichkeit, sich vom Alltag zu erholen und die sch\u00f6nsten Tage des Jahres zu genie\u00dfen. Entdecken Sie bei Checkhalt.de eine vielf\u00e4ltige Auswahl an Ferienh\u00e4usern, die Ihren individuellen Bed\u00fcrfnissen und Vorlieben entsprechen. Ob am Meer, in den Bergen oder in idyllischer Natur \u2013 wir bieten Ihnen komfortable und gem\u00fctliche Unterk\u00fcnfte f\u00fcr einen unvergesslichen Urlaub.<\/p><p>Unsere Ferienh\u00e4user sind mit allem ausgestattet, was Sie f\u00fcr einen erholsamen Aufenthalt ben\u00f6tigen. Genie\u00dfen Sie Privatsph\u00e4re und Freiheit in Ihrer eigenen Unterkunft und erleben Sie unvergessliche Momente mit Familie und Freunden.<\/p><p>Buchen Sie jetzt Ihr Traum-Ferienhaus bei Checkhalt.de und freuen Sie sich auf entspannte Tage fernab vom Alltagstrubel.<\/p>\t\t\t\t\t\t\t\t<\/div>\n\t\t\t\t<\/div>\n\t\t\t\t\t<\/div>\n\t\t<\/div>\n\t\t\t\t\t<\/div>\n\t\t<\/section>\n\t\t\t\t<\/div>","protected":false},"excerpt":{"rendered":"<p>Ferienhaus.de Partnerprogramm Wir nehmen am Ferienhaus.de Partnerprogramm teil. Auf unseren Seiten werden iFrame-Buchungsmasken und andere Werbemittel eingebunden, an denen wir<\/p>","protected":false},"author":1,"featured_media":0,"parent":0,"menu_order":0,"comment_status":"closed","ping_status":"closed","template":"","meta":{"footnotes":""},"class_list":["post-9979","page","type-page","status-publish","hentry"],"_links":{"self":[{"href":"https:\/\/checkhalt.de\/en\/wp-json\/wp\/v2\/pages\/9979","targetHints":{"allow":["GET"]}}],"collection":[{"href":"https:\/\/checkhalt.de\/en\/wp-json\/wp\/v2\/pages"}],"about":[{"href":"https:\/\/checkhalt.de\/en\/wp-json\/wp\/v2\/types\/page"}],"author":[{"embeddable":true,"href":"https:\/\/checkhalt.de\/en\/wp-json\/wp\/v2\/users\/1"}],"replies":[{"embeddable":true,"href":"https:\/\/checkhalt.de\/en\/wp-json\/wp\/v2\/comments?post=9979"}],"version-history":[{"count":19,"href":"https:\/\/checkhalt.de\/en\/wp-json\/wp\/v2\/pages\/9979\/revisions"}],"predecessor-version":[{"id":10332,"href":"https:\/\/checkhalt.de\/en\/wp-json\/wp\/v2\/pages\/9979\/revisions\/10332"}],"wp:attachment":[{"href":"https:\/\/checkhalt.de\/en\/wp-json\/wp\/v2\/media?parent=9979"}],"curies":[{"name":"wp","href":"https:\/\/api.w.org\/{rel}","templated":true}]}}