{"id":9978,"date":"2023-07-14T22:48:33","date_gmt":"2023-07-14T22:48:33","guid":{"rendered":"https:\/\/checkhalt.de\/?page_id=9978"},"modified":"2024-07-18T11:37:13","modified_gmt":"2024-07-18T11:37:13","slug":"ferienhaus-danemark","status":"publish","type":"page","link":"https:\/\/checkhalt.de\/en\/ferienhaus-danemark\/","title":{"rendered":"Ferienhaus D\u00e4nemark"},"content":{"rendered":"<div data-elementor-type=\"wp-page\" data-elementor-id=\"9978\" class=\"elementor elementor-9978\">\n\t\t\t\t\t\t<section class=\"elementor-section elementor-top-section elementor-element elementor-element-62b730f2 elementor-section-full_width elementor-section-height-default elementor-section-height-default\" data-id=\"62b730f2\" data-element_type=\"section\" data-e-type=\"section\">\n\t\t\t\t\t\t<div class=\"elementor-container elementor-column-gap-default\">\n\t\t\t\t\t<div class=\"elementor-column elementor-col-100 elementor-top-column elementor-element elementor-element-37c7d634\" data-id=\"37c7d634\" data-element_type=\"column\" data-e-type=\"column\">\n\t\t\t<div class=\"elementor-widget-wrap elementor-element-populated\">\n\t\t\t\t\t\t<div class=\"elementor-element elementor-element-273fb48e elementor-hidden-desktop elementor-hidden-tablet elementor-hidden-mobile elementor-widget elementor-widget-wd_banner\" data-id=\"273fb48e\" data-element_type=\"widget\" data-e-type=\"widget\" data-widget_type=\"wd_banner.default\">\n\t\t\t\t<div class=\"elementor-widget-container\">\n\t\t\t\t\t\t\t<div class=\"promo-banner-wrapper\">\n\t\t\t<div class=\"promo-banner banner-default banner-hover-none color-scheme- banner-btn-size-default banner-btn-style-default wd-with-link\">\n\t\t\t\t<div class=\"main-wrapp-img\">\n\t\t\t\t\t<div class=\"banner-image wd-without-height\">\n\t\t\t\t\t\t\t\t\t\t\t\t\t\t\t\t\t\t\t\t\t<img loading=\"lazy\" decoding=\"async\" width=\"2000\" height=\"350\" src=\"https:\/\/checkhalt.de\/wp-content\/uploads\/2023\/07\/creatine-1.png\" class=\"attachment-full size-full\" alt=\"\" srcset=\"https:\/\/checkhalt.de\/wp-content\/uploads\/2023\/07\/creatine-1.png 2000w, https:\/\/checkhalt.de\/wp-content\/uploads\/2023\/07\/creatine-1-300x53.png 300w, https:\/\/checkhalt.de\/wp-content\/uploads\/2023\/07\/creatine-1-1024x179.png 1024w, https:\/\/checkhalt.de\/wp-content\/uploads\/2023\/07\/creatine-1-768x134.png 768w, https:\/\/checkhalt.de\/wp-content\/uploads\/2023\/07\/creatine-1-1536x269.png 1536w, https:\/\/checkhalt.de\/wp-content\/uploads\/2023\/07\/creatine-1-1200x210.png 1200w, https:\/\/checkhalt.de\/wp-content\/uploads\/2023\/07\/creatine-1-150x26.png 150w\" sizes=\"auto, (max-width: 2000px) 100vw, 2000px\" \/>\t\t\t\t\t\t\t\t\t\t\t\t\t\t\t\t\t\t<\/div>\n\t\t\t\t<\/div>\n\n\t\t\t\t<div class=\"wrapper-content-banner wd-fill wd-items-top wd-justify-left\">\n\t\t\t\t\t<div class=\"content-banner  text-left\">\n\t\t\t\t\t\t\n\t\t\t\t\t\t\n\t\t\t\t\t\t\n\t\t\t\t\t\t\n\t\t\t\t\t\t\t\t\t\t\t<\/div>\n\t\t\t\t<\/div>\n\n\t\t\t\t\t\t\t\t\t<a href=\"mailto:info@checkhalt.de\" class=\"wd-promo-banner-link wd-fill\" aria-label=\"Banner link\"><\/a>\n\t\t\t\t\t\t\t<\/div>\n\t\t<\/div>\n\t\t\t\t\t\t<\/div>\n\t\t\t\t<\/div>\n\t\t\t\t<div class=\"elementor-element elementor-element-4c381051 elementor-widget elementor-widget-spacer\" data-id=\"4c381051\" data-element_type=\"widget\" data-e-type=\"widget\" data-widget_type=\"spacer.default\">\n\t\t\t\t<div class=\"elementor-widget-container\">\n\t\t\t\t\t\t\t<div class=\"elementor-spacer\">\n\t\t\t<div class=\"elementor-spacer-inner\"><\/div>\n\t\t<\/div>\n\t\t\t\t\t\t<\/div>\n\t\t\t\t<\/div>\n\t\t\t\t\t<\/div>\n\t\t<\/div>\n\t\t\t\t\t<\/div>\n\t\t<\/section>\n\t\t\t\t<section class=\"wd-negative-gap elementor-section elementor-top-section elementor-element elementor-element-0eef8f7 elementor-section-full_width elementor-section-height-default elementor-section-height-default\" data-id=\"0eef8f7\" data-element_type=\"section\" data-e-type=\"section\">\n\t\t\t\t\t\t<div class=\"elementor-container elementor-column-gap-default\">\n\t\t\t\t\t<div class=\"elementor-column elementor-col-100 elementor-top-column elementor-element elementor-element-78f6dd2\" data-id=\"78f6dd2\" data-element_type=\"column\" data-e-type=\"column\">\n\t\t\t<div class=\"elementor-widget-wrap elementor-element-populated\">\n\t\t\t\t\t\t<div class=\"elementor-element elementor-element-adc8042 color-scheme-inherit text-left elementor-widget elementor-widget-text-editor\" data-id=\"adc8042\" data-element_type=\"widget\" data-e-type=\"widget\" data-widget_type=\"text-editor.default\">\n\t\t\t\t<div class=\"elementor-widget-container\">\n\t\t\t\t\t\t\t\t\t<div style=\"width: 100%\" id=\"c24pp-holidayhome_dk-iframe\"><\/div><script src=\"https:\/\/files.check24.net\/widgets\/auto\/106572\/c24pp-holidayhome_dk-iframe\/holidayhome-iframe.js\"><\/script>\t\t\t\t\t\t\t\t<\/div>\n\t\t\t\t<\/div>\n\t\t\t\t\t<\/div>\n\t\t<\/div>\n\t\t\t\t\t<\/div>\n\t\t<\/section>\n\t\t\t\t<section class=\"wd-negative-gap elementor-section elementor-top-section elementor-element elementor-element-35f75c3 elementor-section-boxed elementor-section-height-default elementor-section-height-default\" data-id=\"35f75c3\" data-element_type=\"section\" data-e-type=\"section\">\n\t\t\t\t\t\t<div class=\"elementor-container elementor-column-gap-default\">\n\t\t\t\t\t<div class=\"elementor-column elementor-col-100 elementor-top-column elementor-element elementor-element-3955736\" data-id=\"3955736\" data-element_type=\"column\" data-e-type=\"column\">\n\t\t\t<div class=\"elementor-widget-wrap elementor-element-populated\">\n\t\t\t\t\t\t<div class=\"elementor-element elementor-element-9d96ae0 color-scheme-inherit text-left elementor-widget elementor-widget-text-editor\" data-id=\"9d96ae0\" data-element_type=\"widget\" data-e-type=\"widget\" data-widget_type=\"text-editor.default\">\n\t\t\t\t<div class=\"elementor-widget-container\">\n\t\t\t\t\t\t\t\t\t<p><strong>D\u00e4nemark.de Partnerprogramm<\/strong><\/p><p>Wir nehmen am D\u00e4nemark.de Partnerprogramm teil. Auf unseren Seiten werden iFrame-Buchungsmasken und andere Werbemittel eingebunden, an denen wir \u00fcber Transaktionen, zum Beispiel durch Leads und Sales, eine Werbekostenerstattung erhalten k\u00f6nnen.<\/p><p>Weitere Informationen zur Datennutzung durch D\u00e4nemark.de erhalten Sie in der Datenschutzerkl\u00e4rung von <a href=\"https:\/\/www.daenemark.de\" target=\"_blank\" rel=\"noopener\">D\u00e4nemark.de<\/a>.<\/p>\t\t\t\t\t\t\t\t<\/div>\n\t\t\t\t<\/div>\n\t\t\t\t\t<\/div>\n\t\t<\/div>\n\t\t\t\t\t<\/div>\n\t\t<\/section>\n\t\t\t\t<section class=\"wd-negative-gap elementor-section elementor-top-section elementor-element elementor-element-935a16f elementor-section-boxed elementor-section-height-default elementor-section-height-default\" data-id=\"935a16f\" data-element_type=\"section\" data-e-type=\"section\">\n\t\t\t\t\t\t<div class=\"elementor-container elementor-column-gap-default\">\n\t\t\t\t\t<div class=\"elementor-column elementor-col-100 elementor-top-column elementor-element elementor-element-5603846\" data-id=\"5603846\" data-element_type=\"column\" data-e-type=\"column\">\n\t\t\t<div class=\"elementor-widget-wrap elementor-element-populated\">\n\t\t\t\t\t\t<div class=\"elementor-element elementor-element-f2b253d color-scheme-inherit text-left elementor-widget elementor-widget-text-editor\" data-id=\"f2b253d\" data-element_type=\"widget\" data-e-type=\"widget\" data-widget_type=\"text-editor.default\">\n\t\t\t\t<div class=\"elementor-widget-container\">\n\t\t\t\t\t\t\t\t\t<p>Ein Ferienhaus in D\u00e4nemark bietet die ideale M\u00f6glichkeit f\u00fcr einen erholsamen Urlaub in einer der sch\u00f6nsten Regionen Europas. Bei Checkhalt.de finden Sie eine breite Auswahl an Ferienh\u00e4usern entlang der d\u00e4nischen K\u00fcste, von charmanten Fischerh\u00e4usern bis hin zu modernen Villen mit Meerblick.<\/p><p>Erleben Sie die einzigartige d\u00e4nische Gastfreundschaft und genie\u00dfen Sie die entspannte Atmosph\u00e4re dieses Landes. Egal ob Sie einen Familienurlaub planen, eine romantische Auszeit zu zweit suchen oder einfach die Natur genie\u00dfen m\u00f6chten \u2013 unsere Ferienh\u00e4user bieten Ihnen den perfekten R\u00fcckzugsort.<\/p><p>Entdecken Sie endlose Sandstr\u00e4nde, malerische K\u00fcstenorte und die faszinierende Natur D\u00e4nemarks. Unternehmen Sie Fahrradtouren entlang der K\u00fcste, probieren Sie lokale Spezialit\u00e4ten oder entspannen Sie einfach auf Ihrer eigenen Terrasse mit Blick auf das Meer.<\/p><p>Buchen Sie jetzt Ihr Ferienhaus in D\u00e4nemark mit Checkhalt.de und freuen Sie sich auf unvergessliche Urlaubstage voller Entspannung und Erholung.<\/p>\t\t\t\t\t\t\t\t<\/div>\n\t\t\t\t<\/div>\n\t\t\t\t\t<\/div>\n\t\t<\/div>\n\t\t\t\t\t<\/div>\n\t\t<\/section>\n\t\t\t\t<\/div>","protected":false},"excerpt":{"rendered":"<p>D\u00e4nemark.de Partnerprogramm Wir nehmen am D\u00e4nemark.de Partnerprogramm teil. Auf unseren Seiten werden iFrame-Buchungsmasken und andere Werbemittel eingebunden, an denen wir<\/p>","protected":false},"author":1,"featured_media":0,"parent":0,"menu_order":0,"comment_status":"closed","ping_status":"closed","template":"","meta":{"footnotes":""},"class_list":["post-9978","page","type-page","status-publish","hentry"],"_links":{"self":[{"href":"https:\/\/checkhalt.de\/en\/wp-json\/wp\/v2\/pages\/9978","targetHints":{"allow":["GET"]}}],"collection":[{"href":"https:\/\/checkhalt.de\/en\/wp-json\/wp\/v2\/pages"}],"about":[{"href":"https:\/\/checkhalt.de\/en\/wp-json\/wp\/v2\/types\/page"}],"author":[{"embeddable":true,"href":"https:\/\/checkhalt.de\/en\/wp-json\/wp\/v2\/users\/1"}],"replies":[{"embeddable":true,"href":"https:\/\/checkhalt.de\/en\/wp-json\/wp\/v2\/comments?post=9978"}],"version-history":[{"count":17,"href":"https:\/\/checkhalt.de\/en\/wp-json\/wp\/v2\/pages\/9978\/revisions"}],"predecessor-version":[{"id":10335,"href":"https:\/\/checkhalt.de\/en\/wp-json\/wp\/v2\/pages\/9978\/revisions\/10335"}],"wp:attachment":[{"href":"https:\/\/checkhalt.de\/en\/wp-json\/wp\/v2\/media?parent=9978"}],"curies":[{"name":"wp","href":"https:\/\/api.w.org\/{rel}","templated":true}]}}