{"id":9932,"date":"2023-07-14T22:07:51","date_gmt":"2023-07-14T22:07:51","guid":{"rendered":"https:\/\/checkhalt.de\/?page_id=9932"},"modified":"2024-07-18T11:37:25","modified_gmt":"2024-07-18T11:37:25","slug":"gas","status":"publish","type":"page","link":"https:\/\/checkhalt.de\/en\/gas\/","title":{"rendered":"Gas"},"content":{"rendered":"<div data-elementor-type=\"wp-page\" data-elementor-id=\"9932\" class=\"elementor elementor-9932\">\n\t\t\t\t\t\t<section class=\"elementor-section elementor-top-section elementor-element elementor-element-62b730f2 elementor-section-full_width elementor-section-height-default elementor-section-height-default\" data-id=\"62b730f2\" data-element_type=\"section\" data-e-type=\"section\">\n\t\t\t\t\t\t<div class=\"elementor-container elementor-column-gap-default\">\n\t\t\t\t\t<div class=\"elementor-column elementor-col-100 elementor-top-column elementor-element elementor-element-37c7d634\" data-id=\"37c7d634\" data-element_type=\"column\" data-e-type=\"column\">\n\t\t\t<div class=\"elementor-widget-wrap elementor-element-populated\">\n\t\t\t\t\t\t<div class=\"elementor-element elementor-element-273fb48e elementor-hidden-desktop elementor-hidden-tablet elementor-hidden-mobile elementor-widget elementor-widget-wd_banner\" data-id=\"273fb48e\" data-element_type=\"widget\" data-e-type=\"widget\" data-widget_type=\"wd_banner.default\">\n\t\t\t\t<div class=\"elementor-widget-container\">\n\t\t\t\t\t\t\t<div class=\"promo-banner-wrapper\">\n\t\t\t<div class=\"promo-banner banner-default banner-hover-none color-scheme- banner-btn-size-default banner-btn-style-default wd-with-link\">\n\t\t\t\t<div class=\"main-wrapp-img\">\n\t\t\t\t\t<div class=\"banner-image wd-without-height\">\n\t\t\t\t\t\t\t\t\t\t\t\t\t\t\t\t\t\t\t\t\t<img loading=\"lazy\" decoding=\"async\" width=\"2000\" height=\"350\" src=\"https:\/\/checkhalt.de\/wp-content\/uploads\/2023\/07\/creatine-1.png\" class=\"attachment-full size-full\" alt=\"\" srcset=\"https:\/\/checkhalt.de\/wp-content\/uploads\/2023\/07\/creatine-1.png 2000w, https:\/\/checkhalt.de\/wp-content\/uploads\/2023\/07\/creatine-1-300x53.png 300w, https:\/\/checkhalt.de\/wp-content\/uploads\/2023\/07\/creatine-1-1024x179.png 1024w, https:\/\/checkhalt.de\/wp-content\/uploads\/2023\/07\/creatine-1-768x134.png 768w, https:\/\/checkhalt.de\/wp-content\/uploads\/2023\/07\/creatine-1-1536x269.png 1536w, https:\/\/checkhalt.de\/wp-content\/uploads\/2023\/07\/creatine-1-1200x210.png 1200w, https:\/\/checkhalt.de\/wp-content\/uploads\/2023\/07\/creatine-1-150x26.png 150w\" sizes=\"auto, (max-width: 2000px) 100vw, 2000px\" \/>\t\t\t\t\t\t\t\t\t\t\t\t\t\t\t\t\t\t<\/div>\n\t\t\t\t<\/div>\n\n\t\t\t\t<div class=\"wrapper-content-banner wd-fill wd-items-top wd-justify-left\">\n\t\t\t\t\t<div class=\"content-banner  text-left\">\n\t\t\t\t\t\t\n\t\t\t\t\t\t\n\t\t\t\t\t\t\n\t\t\t\t\t\t\n\t\t\t\t\t\t\t\t\t\t\t<\/div>\n\t\t\t\t<\/div>\n\n\t\t\t\t\t\t\t\t\t<a href=\"mailto:info@checkhalt.de\" class=\"wd-promo-banner-link wd-fill\" aria-label=\"Banner link\"><\/a>\n\t\t\t\t\t\t\t<\/div>\n\t\t<\/div>\n\t\t\t\t\t\t<\/div>\n\t\t\t\t<\/div>\n\t\t\t\t<div class=\"elementor-element elementor-element-4c381051 elementor-widget elementor-widget-spacer\" data-id=\"4c381051\" data-element_type=\"widget\" data-e-type=\"widget\" data-widget_type=\"spacer.default\">\n\t\t\t\t<div class=\"elementor-widget-container\">\n\t\t\t\t\t\t\t<div class=\"elementor-spacer\">\n\t\t\t<div class=\"elementor-spacer-inner\"><\/div>\n\t\t<\/div>\n\t\t\t\t\t\t<\/div>\n\t\t\t\t<\/div>\n\t\t\t\t\t<\/div>\n\t\t<\/div>\n\t\t\t\t\t<\/div>\n\t\t<\/section>\n\t\t\t\t<section class=\"wd-negative-gap elementor-section elementor-top-section elementor-element elementor-element-0eef8f7 elementor-section-full_width elementor-section-height-default elementor-section-height-default\" data-id=\"0eef8f7\" data-element_type=\"section\" data-e-type=\"section\">\n\t\t\t\t\t\t<div class=\"elementor-container elementor-column-gap-default\">\n\t\t\t\t\t<div class=\"elementor-column elementor-col-100 elementor-top-column elementor-element elementor-element-78f6dd2\" data-id=\"78f6dd2\" data-element_type=\"column\" data-e-type=\"column\">\n\t\t\t<div class=\"elementor-widget-wrap elementor-element-populated\">\n\t\t\t\t\t\t<div class=\"elementor-element elementor-element-adc8042 color-scheme-inherit text-left elementor-widget elementor-widget-text-editor\" data-id=\"adc8042\" data-element_type=\"widget\" data-e-type=\"widget\" data-widget_type=\"text-editor.default\">\n\t\t\t\t<div class=\"elementor-widget-container\">\n\t\t\t\t\t\t\t\t\t<div style=\"width: 100%\" id=\"c24pp-gas-iframe\" data-scrollto=\"begin\"><\/div><script src=\"https:\/\/files.check24.net\/widgets\/auto\/106572\/c24pp-gas-iframe\/gas-iframe.js\"><\/script>\t\t\t\t\t\t\t\t<\/div>\n\t\t\t\t<\/div>\n\t\t\t\t\t<\/div>\n\t\t<\/div>\n\t\t\t\t\t<\/div>\n\t\t<\/section>\n\t\t\t\t<section class=\"wd-negative-gap elementor-section elementor-top-section elementor-element elementor-element-c687305 elementor-section-boxed elementor-section-height-default elementor-section-height-default\" data-id=\"c687305\" data-element_type=\"section\" data-e-type=\"section\">\n\t\t\t\t\t\t<div class=\"elementor-container elementor-column-gap-default\">\n\t\t\t\t\t<div class=\"elementor-column elementor-col-100 elementor-top-column elementor-element elementor-element-0819538\" data-id=\"0819538\" data-element_type=\"column\" data-e-type=\"column\">\n\t\t\t<div class=\"elementor-widget-wrap elementor-element-populated\">\n\t\t\t\t\t\t<div class=\"elementor-element elementor-element-72947c7 color-scheme-inherit text-left elementor-widget elementor-widget-text-editor\" data-id=\"72947c7\" data-element_type=\"widget\" data-e-type=\"widget\" data-widget_type=\"text-editor.default\">\n\t\t\t\t<div class=\"elementor-widget-container\">\n\t\t\t\t\t\t\t\t\t<h3>Gasratenrechner<\/h3><p>Willkommen auf unserer Seite zur Berechnung der monatlichen Gasraten! Mit unserem Rechner k\u00f6nnen Sie ganz einfach berechnen, wie viel Ihre monatlichen Heizkosten f\u00fcr Ihr Zuhause abh\u00e4ngig von der Quadratmeterzahl Ihres Wohnraums betragen werden.<\/p><h4>Wie funktioniert unser Rechner?<\/h4><ol><li><strong>Geben Sie die Quadratmeterzahl ein<\/strong>: Geben Sie die Gesamtfl\u00e4che Ihres Wohnraums (in Quadratmetern) in das Eingabefeld ein.<\/li><li><strong>W\u00e4hlen Sie den Objekttyp aus<\/strong>: W\u00e4hlen Sie den Objekttyp (Wohnung, Haus, Gesch\u00e4ftsr\u00e4ume), da verschiedene Objekte unterschiedliche Energiebed\u00fcrfnisse haben.<\/li><li><strong>Klicken Sie auf &#8222;Berechnen&#8220;<\/strong>: Unser Rechner berechnet automatisch die gesch\u00e4tzten monatlichen Gaskosten, indem er den durchschnittlichen Energieverbrauch f\u00fcr den ausgew\u00e4hlten Objekttyp und die Quadratmeterzahl ber\u00fccksichtigt.<\/li><\/ol><h4>Warum unseren Rechner nutzen?<\/h4><ul><li><strong>Pr\u00e4zise Berechnungen<\/strong>: Unser Rechner verwendet die neuesten Daten zu Gaspreisen und dem durchschnittlichen monatlichen Energieverbrauch, um Ihnen die genauesten Sch\u00e4tzungen zu liefern.<\/li><li><strong>Benutzerfreundlichkeit<\/strong>: Mit nur wenigen Eingaben erhalten Sie eine Sch\u00e4tzung der monatlichen Kosten, ohne komplizierte Verfahren.<\/li><li><strong>Zeitersparnis<\/strong>: Anstatt die Kosten selbst zu berechnen, \u00fcbernimmt unser Rechner dies in Sekundenschnelle f\u00fcr Sie.<\/li><\/ul>\t\t\t\t\t\t\t\t<\/div>\n\t\t\t\t<\/div>\n\t\t\t\t\t<\/div>\n\t\t<\/div>\n\t\t\t\t\t<\/div>\n\t\t<\/section>\n\t\t\t\t<section class=\"wd-negative-gap elementor-section elementor-top-section elementor-element elementor-element-9386ebb elementor-section-boxed elementor-section-height-default elementor-section-height-default\" data-id=\"9386ebb\" data-element_type=\"section\" data-e-type=\"section\">\n\t\t\t\t\t\t<div class=\"elementor-container elementor-column-gap-default\">\n\t\t\t\t\t<div class=\"elementor-column elementor-col-100 elementor-top-column elementor-element elementor-element-85bede5\" data-id=\"85bede5\" data-element_type=\"column\" data-e-type=\"column\">\n\t\t\t<div class=\"elementor-widget-wrap elementor-element-populated\">\n\t\t\t\t\t\t<div class=\"elementor-element elementor-element-211bbb0 color-scheme-inherit text-left elementor-widget elementor-widget-text-editor\" data-id=\"211bbb0\" data-element_type=\"widget\" data-e-type=\"widget\" data-widget_type=\"text-editor.default\">\n\t\t\t\t<div class=\"elementor-widget-container\">\n\t\t\t\t\t\t\t\t\t<p><strong>CHECK24.net Partnerprogramm<\/strong><\/p><p>Wir nehmen am CHECK24.net Partnerprogramm teil. Auf unseren Seiten werden iFrame-Buchungsmasken und andere Werbemittel eingebunden, an denen wir \u00fcber Transaktionen, zum Beispiel durch Leads und Sales, eine Werbekostenerstattung erhalten k\u00f6nnen.<\/p><p>Weitere Informationen zur Datennutzung durch CHECK24.net erhalten Sie in der Datenschutzerkl\u00e4rung von <a href=\"https:\/\/www.check24.net\" target=\"_blank\" rel=\"noopener\">CHECK24.net<\/a>.<\/p>\t\t\t\t\t\t\t\t<\/div>\n\t\t\t\t<\/div>\n\t\t\t\t\t<\/div>\n\t\t<\/div>\n\t\t\t\t\t<\/div>\n\t\t<\/section>\n\t\t\t\t<\/div>","protected":false},"excerpt":{"rendered":"<p>Gasratenrechner Willkommen auf unserer Seite zur Berechnung der monatlichen Gasraten! Mit unserem Rechner k\u00f6nnen Sie ganz einfach berechnen, wie viel<\/p>","protected":false},"author":1,"featured_media":0,"parent":0,"menu_order":0,"comment_status":"closed","ping_status":"closed","template":"","meta":{"footnotes":""},"class_list":["post-9932","page","type-page","status-publish","hentry"],"_links":{"self":[{"href":"https:\/\/checkhalt.de\/en\/wp-json\/wp\/v2\/pages\/9932","targetHints":{"allow":["GET"]}}],"collection":[{"href":"https:\/\/checkhalt.de\/en\/wp-json\/wp\/v2\/pages"}],"about":[{"href":"https:\/\/checkhalt.de\/en\/wp-json\/wp\/v2\/types\/page"}],"author":[{"embeddable":true,"href":"https:\/\/checkhalt.de\/en\/wp-json\/wp\/v2\/users\/1"}],"replies":[{"embeddable":true,"href":"https:\/\/checkhalt.de\/en\/wp-json\/wp\/v2\/comments?post=9932"}],"version-history":[{"count":13,"href":"https:\/\/checkhalt.de\/en\/wp-json\/wp\/v2\/pages\/9932\/revisions"}],"predecessor-version":[{"id":10338,"href":"https:\/\/checkhalt.de\/en\/wp-json\/wp\/v2\/pages\/9932\/revisions\/10338"}],"wp:attachment":[{"href":"https:\/\/checkhalt.de\/en\/wp-json\/wp\/v2\/media?parent=9932"}],"curies":[{"name":"wp","href":"https:\/\/api.w.org\/{rel}","templated":true}]}}