{"id":9914,"date":"2023-07-14T15:40:36","date_gmt":"2023-07-14T15:40:36","guid":{"rendered":"https:\/\/checkhalt.de\/?page_id=9914"},"modified":"2024-07-18T11:36:28","modified_gmt":"2024-07-18T11:36:28","slug":"baufinanzierung","status":"publish","type":"page","link":"https:\/\/checkhalt.de\/en\/baufinanzierung\/","title":{"rendered":"Baufinanzierung"},"content":{"rendered":"<div data-elementor-type=\"wp-page\" data-elementor-id=\"9914\" class=\"elementor elementor-9914\">\n\t\t\t\t\t\t<section class=\"elementor-section elementor-top-section elementor-element elementor-element-62b730f2 elementor-section-full_width elementor-section-height-default elementor-section-height-default\" data-id=\"62b730f2\" data-element_type=\"section\" data-e-type=\"section\">\n\t\t\t\t\t\t<div class=\"elementor-container elementor-column-gap-default\">\n\t\t\t\t\t<div class=\"elementor-column elementor-col-100 elementor-top-column elementor-element elementor-element-37c7d634\" data-id=\"37c7d634\" data-element_type=\"column\" data-e-type=\"column\">\n\t\t\t<div class=\"elementor-widget-wrap elementor-element-populated\">\n\t\t\t\t\t\t<div class=\"elementor-element elementor-element-273fb48e elementor-hidden-desktop elementor-hidden-tablet elementor-hidden-mobile elementor-widget elementor-widget-wd_banner\" data-id=\"273fb48e\" data-element_type=\"widget\" data-e-type=\"widget\" data-widget_type=\"wd_banner.default\">\n\t\t\t\t<div class=\"elementor-widget-container\">\n\t\t\t\t\t\t\t<div class=\"promo-banner-wrapper\">\n\t\t\t<div class=\"promo-banner banner-default banner-hover-none color-scheme- banner-btn-size-default banner-btn-style-default wd-with-link\">\n\t\t\t\t<div class=\"main-wrapp-img\">\n\t\t\t\t\t<div class=\"banner-image wd-without-height\">\n\t\t\t\t\t\t\t\t\t\t\t\t\t\t\t\t\t\t\t\t\t<img loading=\"lazy\" decoding=\"async\" width=\"2000\" height=\"350\" src=\"https:\/\/checkhalt.de\/wp-content\/uploads\/2023\/07\/creatine-1.png\" class=\"attachment-full size-full\" alt=\"\" srcset=\"https:\/\/checkhalt.de\/wp-content\/uploads\/2023\/07\/creatine-1.png 2000w, https:\/\/checkhalt.de\/wp-content\/uploads\/2023\/07\/creatine-1-300x53.png 300w, https:\/\/checkhalt.de\/wp-content\/uploads\/2023\/07\/creatine-1-1024x179.png 1024w, https:\/\/checkhalt.de\/wp-content\/uploads\/2023\/07\/creatine-1-768x134.png 768w, https:\/\/checkhalt.de\/wp-content\/uploads\/2023\/07\/creatine-1-1536x269.png 1536w, https:\/\/checkhalt.de\/wp-content\/uploads\/2023\/07\/creatine-1-1200x210.png 1200w, https:\/\/checkhalt.de\/wp-content\/uploads\/2023\/07\/creatine-1-150x26.png 150w\" sizes=\"auto, (max-width: 2000px) 100vw, 2000px\" \/>\t\t\t\t\t\t\t\t\t\t\t\t\t\t\t\t\t\t<\/div>\n\t\t\t\t<\/div>\n\n\t\t\t\t<div class=\"wrapper-content-banner wd-fill wd-items-top wd-justify-left\">\n\t\t\t\t\t<div class=\"content-banner  text-left\">\n\t\t\t\t\t\t\n\t\t\t\t\t\t\n\t\t\t\t\t\t\n\t\t\t\t\t\t\n\t\t\t\t\t\t\t\t\t\t\t<\/div>\n\t\t\t\t<\/div>\n\n\t\t\t\t\t\t\t\t\t<a href=\"mailto:info@checkhalt.de\" class=\"wd-promo-banner-link wd-fill\" aria-label=\"Banner link\"><\/a>\n\t\t\t\t\t\t\t<\/div>\n\t\t<\/div>\n\t\t\t\t\t\t<\/div>\n\t\t\t\t<\/div>\n\t\t\t\t<div class=\"elementor-element elementor-element-4c381051 elementor-widget elementor-widget-spacer\" data-id=\"4c381051\" data-element_type=\"widget\" data-e-type=\"widget\" data-widget_type=\"spacer.default\">\n\t\t\t\t<div class=\"elementor-widget-container\">\n\t\t\t\t\t\t\t<div class=\"elementor-spacer\">\n\t\t\t<div class=\"elementor-spacer-inner\"><\/div>\n\t\t<\/div>\n\t\t\t\t\t\t<\/div>\n\t\t\t\t<\/div>\n\t\t\t\t\t<\/div>\n\t\t<\/div>\n\t\t\t\t\t<\/div>\n\t\t<\/section>\n\t\t\t\t<section class=\"wd-negative-gap elementor-section elementor-top-section elementor-element elementor-element-0eef8f7 elementor-section-full_width elementor-section-height-default elementor-section-height-default\" data-id=\"0eef8f7\" data-element_type=\"section\" data-e-type=\"section\">\n\t\t\t\t\t\t<div class=\"elementor-container elementor-column-gap-default\">\n\t\t\t\t\t<div class=\"elementor-column elementor-col-100 elementor-top-column elementor-element elementor-element-78f6dd2\" data-id=\"78f6dd2\" data-element_type=\"column\" data-e-type=\"column\">\n\t\t\t<div class=\"elementor-widget-wrap elementor-element-populated\">\n\t\t\t\t\t\t<div class=\"elementor-element elementor-element-adc8042 color-scheme-inherit text-left elementor-widget elementor-widget-text-editor\" data-id=\"adc8042\" data-element_type=\"widget\" data-e-type=\"widget\" data-widget_type=\"text-editor.default\">\n\t\t\t\t<div class=\"elementor-widget-container\">\n\t\t\t\t\t\t\t\t\t<div style=\"width: 100%\" id=\"tcpp-iframe-baufi\"><\/div>\n<script src=\"https:\/\/form.partner-versicherung.de\/widgets\/88148\/tcpp-iframe-baufi\/baufi-iframe.js\"><\/script>\t\t\t\t\t\t\t\t<\/div>\n\t\t\t\t<\/div>\n\t\t\t\t\t<\/div>\n\t\t<\/div>\n\t\t\t\t\t<\/div>\n\t\t<\/section>\n\t\t\t\t<section class=\"wd-negative-gap elementor-section elementor-top-section elementor-element elementor-element-ac1bd10 elementor-section-boxed elementor-section-height-default elementor-section-height-default\" data-id=\"ac1bd10\" data-element_type=\"section\" data-e-type=\"section\">\n\t\t\t\t\t\t<div class=\"elementor-container elementor-column-gap-default\">\n\t\t\t\t\t<div class=\"elementor-column elementor-col-100 elementor-top-column elementor-element elementor-element-e6639ee\" data-id=\"e6639ee\" data-element_type=\"column\" data-e-type=\"column\">\n\t\t\t<div class=\"elementor-widget-wrap elementor-element-populated\">\n\t\t\t\t\t\t<div class=\"elementor-element elementor-element-b98eb6c elementor-widget elementor-widget-wd_text_block\" data-id=\"b98eb6c\" data-element_type=\"widget\" data-e-type=\"widget\" data-widget_type=\"wd_text_block.default\">\n\t\t\t\t<div class=\"elementor-widget-container\">\n\t\t\t\t\t\t\t<div class=\"wd-text-block reset-last-child text-left\">\n\t\t\t\n\t\t\t<h3><strong><span style=\"color: #000000;\">Baufinanzierung<\/span> \u2013 Wichtige Tipps zur Finanzierung Ihres Bauprojekts<\/strong><\/h3><p>Suchen Sie nach der besten <strong>Baufinanzierung<\/strong> f\u00fcr Ihr Zuhause? In diesem Artikel erfahren Sie alles, was Sie \u00fcber die Finanzierung Ihres Bauprojekts wissen m\u00fcssen, und wie Sie die besten Konditionen sichern k\u00f6nnen.<\/p><h3>Hypothekendarlehen und Baukredit<\/h3><p>Die g\u00e4ngigsten Finanzierungsformen sind <strong>Hypothekendarlehen<\/strong> und <strong>Baukredite<\/strong>. Diese Kredite bieten flexible Bedingungen und erm\u00f6glichen Ihnen den Traum vom Eigenheim zu verwirklichen.<\/p><h3>Eigenkapital \u2013 Ihr Eigenes Kapital<\/h3><p>Ausreichendes <strong>Eigenkapital<\/strong> ist entscheidend. Es wird empfohlen, mindestens 20% der Gesamtkosten als Eigenkapital zu haben, um g\u00fcnstigere Kreditkonditionen zu erhalten.<\/p><h3>KfW-F\u00f6rderung \u2013 F\u00f6rdermittel<\/h3><p>Die <strong>KfW<\/strong> bietet F\u00f6rdermittel f\u00fcr energieeffizientes Bauen und Renovieren. Nutzen Sie diese g\u00fcnstigen Kredite und sparen Sie bei den Baukosten.<\/p><h3>Zinsbindung \u2013 Zinssatz Fixierung<\/h3><p>Die <strong>Zinsbindung<\/strong> f\u00fcr 5-15 Jahre sch\u00fctzt Sie vor Schwankungen der Marktzinsen und bietet finanzielle Sicherheit.<\/p><h3>Tilgungsplan \u2013 Ihr R\u00fcckzahlungsplan<\/h3><p>Planen Sie Ihren <strong>Tilgungsplan<\/strong> sorgf\u00e4ltig. Eine h\u00f6here <strong>Tilgungsrate<\/strong> bedeutet eine schnellere R\u00fcckzahlung des Kredits, aber auch h\u00f6here monatliche Raten.<\/p><h3>Zinsvergleich \u2013 Zinsen Vergleichen<\/h3><p>Bevor Sie sich f\u00fcr einen Kredit entscheiden, sollten Sie einen <strong>Zinsvergleich<\/strong> durchf\u00fchren, um die g\u00fcnstigste Option zu finden.<\/p><h3>Nebenkosten \u2013 Zus\u00e4tzliche Kosten<\/h3><p>Vergessen Sie nicht die <strong>Nebenkosten<\/strong> wie Notargeb\u00fchren, Steuern, Versicherungen und Maklergeb\u00fchren.<\/p><h3>Bausparen \u2013 Bausparvertrag<\/h3><p><strong>Bausparen<\/strong> kombiniert Sparen und Kredit. Nach einer Sparphase haben Sie Anspruch auf einen g\u00fcnstigen Kredit f\u00fcr den Bau oder Kauf einer Immobilie.<\/p><p>Mit diesen Tipps wird die Baufinanzierung einfacher und kosteng\u00fcnstiger. Erfahren Sie mehr auf unserer Seite und finden Sie die beste L\u00f6sung f\u00fcr Ihr neues Zuhause!<\/p>\n\t\t\t\t\t<\/div>\n\t\t\t\t\t\t<\/div>\n\t\t\t\t<\/div>\n\t\t\t\t\t<\/div>\n\t\t<\/div>\n\t\t\t\t\t<\/div>\n\t\t<\/section>\n\t\t\t\t<\/div>","protected":false},"excerpt":{"rendered":"<p>Baufinanzierung \u2013 Wichtige Tipps zur Finanzierung Ihres Bauprojekts Suchen Sie nach der besten Baufinanzierung f\u00fcr Ihr Zuhause? In diesem Artikel<\/p>","protected":false},"author":1,"featured_media":0,"parent":0,"menu_order":0,"comment_status":"closed","ping_status":"closed","template":"","meta":{"footnotes":""},"class_list":["post-9914","page","type-page","status-publish","hentry"],"_links":{"self":[{"href":"https:\/\/checkhalt.de\/en\/wp-json\/wp\/v2\/pages\/9914","targetHints":{"allow":["GET"]}}],"collection":[{"href":"https:\/\/checkhalt.de\/en\/wp-json\/wp\/v2\/pages"}],"about":[{"href":"https:\/\/checkhalt.de\/en\/wp-json\/wp\/v2\/types\/page"}],"author":[{"embeddable":true,"href":"https:\/\/checkhalt.de\/en\/wp-json\/wp\/v2\/users\/1"}],"replies":[{"embeddable":true,"href":"https:\/\/checkhalt.de\/en\/wp-json\/wp\/v2\/comments?post=9914"}],"version-history":[{"count":28,"href":"https:\/\/checkhalt.de\/en\/wp-json\/wp\/v2\/pages\/9914\/revisions"}],"predecessor-version":[{"id":10322,"href":"https:\/\/checkhalt.de\/en\/wp-json\/wp\/v2\/pages\/9914\/revisions\/10322"}],"wp:attachment":[{"href":"https:\/\/checkhalt.de\/en\/wp-json\/wp\/v2\/media?parent=9914"}],"curies":[{"name":"wp","href":"https:\/\/api.w.org\/{rel}","templated":true}]}}