{"id":9836,"date":"2023-07-13T19:28:23","date_gmt":"2023-07-13T19:28:23","guid":{"rendered":"https:\/\/checkhalt.de\/?page_id=9836"},"modified":"2024-06-19T14:12:53","modified_gmt":"2024-06-19T14:12:53","slug":"firmen","status":"publish","type":"page","link":"https:\/\/checkhalt.de\/en\/firmen\/","title":{"rendered":"Firmen"},"content":{"rendered":"<div data-elementor-type=\"wp-page\" data-elementor-id=\"9836\" class=\"elementor elementor-9836\">\n\t\t\t\t\t\t<section class=\"wd-negative-gap elementor-section elementor-top-section elementor-element elementor-element-0eef8f7 elementor-section-boxed elementor-section-height-default elementor-section-height-default\" data-id=\"0eef8f7\" data-element_type=\"section\" data-e-type=\"section\">\n\t\t\t\t\t\t<div class=\"elementor-container elementor-column-gap-default\">\n\t\t\t\t\t<div class=\"elementor-column elementor-col-100 elementor-top-column elementor-element elementor-element-78f6dd2\" data-id=\"78f6dd2\" data-element_type=\"column\" data-e-type=\"column\">\n\t\t\t<div class=\"elementor-widget-wrap elementor-element-populated\">\n\t\t\t\t\t\t<div class=\"elementor-element elementor-element-adc8042 color-scheme-inherit text-left elementor-widget elementor-widget-text-editor\" data-id=\"adc8042\" data-element_type=\"widget\" data-e-type=\"widget\" data-widget_type=\"text-editor.default\">\n\t\t\t\t<div class=\"elementor-widget-container\">\n\t\t\t\t\t\t\t\t\t<div style=\"width: 100%\" id=\"tcpp-iframe-fc\"><\/div>\n<script src=\"https:\/\/form.partner-versicherung.de\/widgets\/88148\/tcpp-iframe-fc\/fc-iframe.js\"><\/script>\t\t\t\t\t\t\t\t<\/div>\n\t\t\t\t<\/div>\n\t\t\t\t\t<\/div>\n\t\t<\/div>\n\t\t\t\t\t<\/div>\n\t\t<\/section>\n\t\t\t\t<section class=\"wd-negative-gap elementor-section elementor-top-section elementor-element elementor-element-7710e4f elementor-section-boxed elementor-section-height-default elementor-section-height-default\" data-id=\"7710e4f\" data-element_type=\"section\" data-e-type=\"section\">\n\t\t\t\t\t\t<div class=\"elementor-container elementor-column-gap-default\">\n\t\t\t\t\t<div class=\"elementor-column elementor-col-100 elementor-top-column elementor-element elementor-element-c243745\" data-id=\"c243745\" data-element_type=\"column\" data-e-type=\"column\">\n\t\t\t<div class=\"elementor-widget-wrap elementor-element-populated\">\n\t\t\t\t\t\t<div class=\"elementor-element elementor-element-30d0c83 color-scheme-inherit text-left elementor-widget elementor-widget-text-editor\" data-id=\"30d0c83\" data-element_type=\"widget\" data-e-type=\"widget\" data-widget_type=\"text-editor.default\">\n\t\t\t\t<div class=\"elementor-widget-container\">\n\t\t\t\t\t\t\t\t\t<p style=\"text-align: center;\"><strong>Firmenkredite auf Checkhalt.de<\/strong><\/p><p>Sind Sie auf der Suche nach finanzieller Unterst\u00fctzung f\u00fcr das Wachstum Ihres Unternehmens? Bei Checkhalt.de bieten wir eine breite Palette ma\u00dfgeschneiderter Firmenkredite an, die Ihre gesch\u00e4ftlichen Bed\u00fcrfnisse optimal abdecken. Ob Sie Kapital f\u00fcr Expansion, die Anschaffung neuer Ausr\u00fcstung oder zur Sicherung von Betriebsmitteln ben\u00f6tigen &#8211; unsere flexiblen Finanzierungsl\u00f6sungen stehen bereit, um Ihre unternehmerischen Ambitionen zu unterst\u00fctzen.<\/p><p>Unsere Kreditberater stehen Ihnen zur Seite, um gemeinsam mit Ihnen die beste L\u00f6sung f\u00fcr Ihre finanziellen Herausforderungen zu finden. Wir verstehen die Komplexit\u00e4t Ihrer gesch\u00e4ftlichen Anforderungen und bieten Ihnen ma\u00dfgeschneiderte Finanzierungspl\u00e4ne, die Ihre Liquidit\u00e4t verbessern und Ihre Wachstumsziele f\u00f6rdern.<\/p><p>Entdecken Sie die Vorteile einer Partnerschaft mit Checkhalt.de f\u00fcr Ihre Unternehmensfinanzierung. Kontaktieren Sie uns noch heute, um mehr \u00fcber unsere attraktiven Konditionen und Beratungsdienstleistungen zu erfahren.<\/p>\t\t\t\t\t\t\t\t<\/div>\n\t\t\t\t<\/div>\n\t\t\t\t\t<\/div>\n\t\t<\/div>\n\t\t\t\t\t<\/div>\n\t\t<\/section>\n\t\t\t\t<\/div>","protected":false},"excerpt":{"rendered":"<p>Firmenkredite auf Checkhalt.de Sind Sie auf der Suche nach finanzieller Unterst\u00fctzung f\u00fcr das Wachstum Ihres Unternehmens? Bei Checkhalt.de bieten wir<\/p>","protected":false},"author":1,"featured_media":0,"parent":0,"menu_order":0,"comment_status":"closed","ping_status":"closed","template":"","meta":{"footnotes":""},"class_list":["post-9836","page","type-page","status-publish","hentry"],"_links":{"self":[{"href":"https:\/\/checkhalt.de\/en\/wp-json\/wp\/v2\/pages\/9836","targetHints":{"allow":["GET"]}}],"collection":[{"href":"https:\/\/checkhalt.de\/en\/wp-json\/wp\/v2\/pages"}],"about":[{"href":"https:\/\/checkhalt.de\/en\/wp-json\/wp\/v2\/types\/page"}],"author":[{"embeddable":true,"href":"https:\/\/checkhalt.de\/en\/wp-json\/wp\/v2\/users\/1"}],"replies":[{"embeddable":true,"href":"https:\/\/checkhalt.de\/en\/wp-json\/wp\/v2\/comments?post=9836"}],"version-history":[{"count":10,"href":"https:\/\/checkhalt.de\/en\/wp-json\/wp\/v2\/pages\/9836\/revisions"}],"predecessor-version":[{"id":10212,"href":"https:\/\/checkhalt.de\/en\/wp-json\/wp\/v2\/pages\/9836\/revisions\/10212"}],"wp:attachment":[{"href":"https:\/\/checkhalt.de\/en\/wp-json\/wp\/v2\/media?parent=9836"}],"curies":[{"name":"wp","href":"https:\/\/api.w.org\/{rel}","templated":true}]}}